{"id":27187,"date":"2026-01-15T12:37:14","date_gmt":"2026-01-15T11:37:14","guid":{"rendered":"https:\/\/beach-palace.com\/?page_id=27187"},"modified":"2026-02-11T17:59:19","modified_gmt":"2026-02-11T16:59:19","slug":"contactez-nous-2","status":"publish","type":"page","link":"https:\/\/beach-palace.com\/fr\/contactez-nous-2\/","title":{"rendered":"Contacter le restaurant"},"content":{"rendered":"\t\t<div data-elementor-type=\"wp-page\" data-elementor-id=\"27187\" class=\"elementor elementor-27187 elementor-27185\">\n\t\t\t\t<div class=\"elementor-element elementor-element-11b9fc4 e-con-full e-flex e-con e-parent\" data-id=\"11b9fc4\" data-element_type=\"container\" data-e-type=\"container\" data-settings=\"{&quot;background_background&quot;:&quot;classic&quot;}\">\n\t\t\t\t<div class=\"elementor-element elementor-element-490bd6a elementor-widget elementor-widget-qi_addons_for_elementor_section_title\" data-id=\"490bd6a\" data-element_type=\"widget\" data-e-type=\"widget\" data-widget_type=\"qi_addons_for_elementor_section_title.default\">\n\t\t\t\t<div class=\"elementor-widget-container\">\n\t\t\t\t\t<div class=\"qodef-shortcode qodef-m drop-shadow qodef-qi-section-title qodef-decoration--italic qodef-link--underline-draw qodef-subtitle-icon--left\">\n\t\t\t<h1 class=\"qodef-m-title\">\n\t\tR\u00e9servez une table \u00e0 la Brasserie Royale\t<\/h1>\n\t\t\t\t<h5 class=\"qodef-m-subtitle\">\n\t\tProfitez d'un repas d\u00e9contract\u00e9 avec vue panoramique sur la mer au Beach Palace Hotel.\t\t\t<\/h5>\n\t\t\t<\/div>\n\t\t\t\t<\/div>\n\t\t\t\t<\/div>\n\t\t\t\t<\/div>\n\t\t<div class=\"elementor-element elementor-element-48dace0 e-flex e-con-boxed e-con e-parent\" data-id=\"48dace0\" data-element_type=\"container\" data-e-type=\"container\" data-settings=\"{&quot;background_background&quot;:&quot;classic&quot;}\">\n\t\t\t\t\t<div class=\"e-con-inner\">\n\t\t<div class=\"elementor-element elementor-element-7b8b906 e-con-full e-flex e-con e-child\" data-id=\"7b8b906\" data-element_type=\"container\" data-e-type=\"container\">\n\t\t\t\t<div class=\"elementor-element elementor-element-e34453a elementor-widget__width-initial elementor-widget elementor-widget-augustine_core_section_title\" data-id=\"e34453a\" data-element_type=\"widget\" data-e-type=\"widget\" data-widget_type=\"augustine_core_section_title.default\">\n\t\t\t\t<div class=\"elementor-widget-container\">\n\t\t\t\t\t<div class=\"qodef-shortcode qodef-m  qodef-section-title qodef-alignment--center qodef-title-break--disabled    \">\n\t\t\t\t<h3 class=\"qodef-m-title\" style=\"color: #3A2C23\">\n\t\t\t\t\tR\u00e9servez une table \u00e0 la Brasserie Royale\t\t\t<\/h3>\n\t\t<\/div>\t\t\t\t<\/div>\n\t\t\t\t<\/div>\n\t\t\t\t<\/div>\n\t\t\t\t\t<\/div>\n\t\t\t\t<\/div>\n\t\t\t\t<section class=\"elementor-section elementor-top-section elementor-element elementor-element-6e51a79e qodef-elementor-content-grid qodef-extended-grid qodef-extended-grid--right qodef-green-white-hover elementor-section-boxed elementor-section-height-default elementor-section-height-default\" data-id=\"6e51a79e\" data-element_type=\"section\" data-e-type=\"section\" data-settings=\"{&quot;background_background&quot;:&quot;classic&quot;}\">\n\t\t\t\t\t\t<div class=\"elementor-container elementor-column-gap-default\">\n\t\t\t\t\t<div class=\"elementor-column elementor-col-50 elementor-top-column elementor-element elementor-element-2936e20e\" data-id=\"2936e20e\" data-element_type=\"column\" data-e-type=\"column\">\n\t\t\t<div class=\"elementor-widget-wrap elementor-element-populated\">\n\t\t\t\t\t\t<div class=\"elementor-element elementor-element-59ffcda elementor-widget__width-initial elementor-widget-tablet__width-initial elementor-widget elementor-widget-text-editor\" data-id=\"59ffcda\" data-element_type=\"widget\" data-e-type=\"widget\" data-widget_type=\"text-editor.default\">\n\t\t\t\t<div class=\"elementor-widget-container\">\n\t\t\t\t\t\t\t\t\t<p>Nous sommes ravis de vous aider \u00e0 r\u00e9server une table \u00e0 la Brasserie Royale.<br data-start=\"1036\" data-end=\"1039\">Veuillez utiliser le formulaire pour nous envoyer votre demande ; notre \u00e9quipe vous contactera rapidement pour confirmer la disponibilit\u00e9.<\/p>\t\t\t\t\t\t\t\t<\/div>\n\t\t\t\t<\/div>\n\t\t\t\t<section class=\"elementor-section elementor-inner-section elementor-element elementor-element-54f52b3 elementor-section-boxed elementor-section-height-default elementor-section-height-default qodef-elementor-content-no\" data-id=\"54f52b3\" data-element_type=\"section\" data-e-type=\"section\">\n\t\t\t\t\t\t<div class=\"elementor-container elementor-column-gap-default\">\n\t\t\t\t\t<div class=\"elementor-column elementor-col-100 elementor-inner-column elementor-element elementor-element-40d97f8\" data-id=\"40d97f8\" data-element_type=\"column\" data-e-type=\"column\">\n\t\t\t<div class=\"elementor-widget-wrap elementor-element-populated\">\n\t\t\t\t\t\t<div class=\"elementor-element elementor-element-53d1828 elementor-widget__width-initial elementor-widget elementor-widget-augustine_core_icon_with_text\" data-id=\"53d1828\" data-element_type=\"widget\" data-e-type=\"widget\" data-widget_type=\"augustine_core_icon_with_text.default\">\n\t\t\t\t<div class=\"elementor-widget-container\">\n\t\t\t\t\t<div class=\"qodef-shortcode qodef-m  qodef-icon-with-text qodef-layout--before-content qodef--icon-pack \">\n\t<div class=\"qodef-m-icon-wrapper\">\n\t\t<span class=\"qodef-shortcode qodef-m  qodef-icon-holder qodef-size--small qodef-layout--normal\"  >\t        <span class=\"qodef-icon-elegant-icons icon_pin_alt qodef-icon qodef-e\" style=\"\" ><\/span>    <\/span>\t<\/div>\n\t<div class=\"qodef-m-content\">\n\t\t\t\t\t<\/div>\n<\/div>\t\t\t\t<\/div>\n\t\t\t\t<\/div>\n\t\t\t\t<div class=\"elementor-element elementor-element-870f232 elementor-widget__width-initial elementor-widget elementor-widget-text-editor\" data-id=\"870f232\" data-element_type=\"widget\" data-e-type=\"widget\" data-widget_type=\"text-editor.default\">\n\t\t\t\t<div class=\"elementor-widget-container\">\n\t\t\t\t\t\t\t\t\t<p><a href=\"https:\/\/www.google.com\/maps\/place\/Beach+Palace+Hotel\/@51.3147423,3.1189675,17z\/data=!3m1!4b1!4m9!3m8!1s0x47c4aa8638a996a1:0xcbd68b84c7f3d2f4!5m2!4m1!1i2!8m2!3d51.314739!4d3.1215424!16s%2Fg%2F1tmpv4l7?entry=ttu\" target=\"_blank\" rel=\"noopener\">Zeedijk 77\/79, 8370 Blankenberge<\/a><\/p>\t\t\t\t\t\t\t\t<\/div>\n\t\t\t\t<\/div>\n\t\t\t\t\t<\/div>\n\t\t<\/div>\n\t\t\t\t\t<\/div>\n\t\t<\/section>\n\t\t\t\t<section class=\"elementor-section elementor-inner-section elementor-element elementor-element-1898b55 elementor-section-boxed elementor-section-height-default elementor-section-height-default qodef-elementor-content-no\" data-id=\"1898b55\" data-element_type=\"section\" data-e-type=\"section\">\n\t\t\t\t\t\t<div class=\"elementor-container elementor-column-gap-default\">\n\t\t\t\t\t<div class=\"elementor-column elementor-col-100 elementor-inner-column elementor-element elementor-element-55bcd27\" data-id=\"55bcd27\" data-element_type=\"column\" data-e-type=\"column\">\n\t\t\t<div class=\"elementor-widget-wrap elementor-element-populated\">\n\t\t\t\t\t\t<div class=\"elementor-element elementor-element-4605f21 elementor-widget__width-initial elementor-widget elementor-widget-augustine_core_icon_with_text\" data-id=\"4605f21\" data-element_type=\"widget\" data-e-type=\"widget\" data-widget_type=\"augustine_core_icon_with_text.default\">\n\t\t\t\t<div class=\"elementor-widget-container\">\n\t\t\t\t\t<div class=\"qodef-shortcode qodef-m  qodef-icon-with-text qodef-layout--before-content qodef--icon-pack \">\n\t<div class=\"qodef-m-icon-wrapper\">\n\t\t<span class=\"qodef-shortcode qodef-m  qodef-icon-holder qodef-size--small qodef-layout--normal\"  >\t        <span class=\"qodef-icon-elegant-icons icon_phone qodef-icon qodef-e\" style=\"\" ><\/span>    <\/span>\t<\/div>\n\t<div class=\"qodef-m-content\">\n\t\t\t\t\t<\/div>\n<\/div>\t\t\t\t<\/div>\n\t\t\t\t<\/div>\n\t\t\t\t<div class=\"elementor-element elementor-element-ddea119 elementor-widget__width-initial elementor-widget elementor-widget-text-editor\" data-id=\"ddea119\" data-element_type=\"widget\" data-e-type=\"widget\" data-widget_type=\"text-editor.default\">\n\t\t\t\t<div class=\"elementor-widget-container\">\n\t\t\t\t\t\t\t\t\t<p><a href=\"tel:+32(0)50%2042%2096%2064\">+32(0)50 42 96 64<\/a><\/p>\t\t\t\t\t\t\t\t<\/div>\n\t\t\t\t<\/div>\n\t\t\t\t\t<\/div>\n\t\t<\/div>\n\t\t\t\t\t<\/div>\n\t\t<\/section>\n\t\t\t\t<section class=\"elementor-section elementor-inner-section elementor-element elementor-element-6774812 elementor-section-boxed elementor-section-height-default elementor-section-height-default qodef-elementor-content-no\" data-id=\"6774812\" data-element_type=\"section\" data-e-type=\"section\">\n\t\t\t\t\t\t<div class=\"elementor-container elementor-column-gap-default\">\n\t\t\t\t\t<div class=\"elementor-column elementor-col-100 elementor-inner-column elementor-element elementor-element-49219c0\" data-id=\"49219c0\" data-element_type=\"column\" data-e-type=\"column\">\n\t\t\t<div class=\"elementor-widget-wrap elementor-element-populated\">\n\t\t\t\t\t\t<div class=\"elementor-element elementor-element-aa2c2d0 elementor-widget__width-initial elementor-widget elementor-widget-augustine_core_icon_with_text\" data-id=\"aa2c2d0\" data-element_type=\"widget\" data-e-type=\"widget\" data-widget_type=\"augustine_core_icon_with_text.default\">\n\t\t\t\t<div class=\"elementor-widget-container\">\n\t\t\t\t\t<div class=\"qodef-shortcode qodef-m  qodef-icon-with-text qodef-layout--before-content qodef--icon-pack \">\n\t<div class=\"qodef-m-icon-wrapper\">\n\t\t<span class=\"qodef-shortcode qodef-m  qodef-icon-holder qodef-size--small qodef-layout--normal\"  >\t        <span class=\"qodef-icon-elegant-icons icon_mail_alt qodef-icon qodef-e\" style=\"\" ><\/span>    <\/span>\t<\/div>\n\t<div class=\"qodef-m-content\">\n\t\t\t\t\t<\/div>\n<\/div>\t\t\t\t<\/div>\n\t\t\t\t<\/div>\n\t\t\t\t<div class=\"elementor-element elementor-element-1bc0c7f elementor-widget__width-initial elementor-widget elementor-widget-text-editor\" data-id=\"1bc0c7f\" data-element_type=\"widget\" data-e-type=\"widget\" data-widget_type=\"text-editor.default\">\n\t\t\t\t<div class=\"elementor-widget-container\">\n\t\t\t\t\t\t\t\t\t<p><a href=\"mailto:restaurantroyal@cwhospitality.be\">restaurantroyal@cwhospitality.be<\/a><\/p>\t\t\t\t\t\t\t\t<\/div>\n\t\t\t\t<\/div>\n\t\t\t\t\t<\/div>\n\t\t<\/div>\n\t\t\t\t\t<\/div>\n\t\t<\/section>\n\t\t\t\t\t<\/div>\n\t\t<\/div>\n\t\t\t\t<div class=\"elementor-column elementor-col-50 elementor-top-column elementor-element elementor-element-6175c09c\" data-id=\"6175c09c\" data-element_type=\"column\" data-e-type=\"column\">\n\t\t\t<div class=\"elementor-widget-wrap elementor-element-populated\">\n\t\t\t\t\t\t<div class=\"elementor-element elementor-element-7faac5c elementor-widget__width-initial elementor-widget elementor-widget-qi_addons_for_elementor_contact_form_7\" data-id=\"7faac5c\" data-element_type=\"widget\" data-e-type=\"widget\" data-widget_type=\"qi_addons_for_elementor_contact_form_7.default\">\n\t\t\t\t<div class=\"elementor-widget-container\">\n\t\t\t\t\t<div class=\"qodef-shortcode qodef-m qodef-qi-contact-form-7\">\n\t\n<div class=\"wpcf7 no-js\" id=\"wpcf7-f27361-o1\" lang=\"fr-FR\" dir=\"ltr\" data-wpcf7-id=\"27361\">\n<div class=\"screen-reader-response\"><p role=\"status\" aria-live=\"polite\" aria-atomic=\"true\"><\/p> <ul><\/ul><\/div>\n<form action=\"\/fr\/wp-json\/wp\/v2\/pages\/27187#wpcf7-f27361-o1\" method=\"post\" class=\"wpcf7-form init\" aria-label=\"Formulaire de contact\" novalidate=\"novalidate\" data-status=\"init\">\n<fieldset class=\"hidden-fields-container\"><input type=\"hidden\" name=\"_wpcf7\" value=\"27361\" \/><input type=\"hidden\" name=\"_wpcf7_version\" value=\"6.1.5\" \/><input type=\"hidden\" name=\"_wpcf7_locale\" value=\"fr_FR\" \/><input type=\"hidden\" name=\"_wpcf7_unit_tag\" value=\"wpcf7-f27361-o1\" \/><input type=\"hidden\" name=\"_wpcf7_container_post\" value=\"0\" \/><input type=\"hidden\" name=\"_wpcf7_posted_data_hash\" value=\"\" \/><input type=\"hidden\" name=\"_wpcf7_recaptcha_response\" value=\"\" \/>\n<\/fieldset>\n<div class=\"qodef-grid qodef-layout--template qodef-cf-contact-us\">\n<div class=\"qodef-grid-inner\">\n<div class=\"qodef-grid-item qodef-col--12\">\n<span class=\"wpcf7-form-control-wrap\" data-name=\"your-message\"><textarea cols=\"40\" rows=\"10\" maxlength=\"2000\" class=\"wpcf7-form-control wpcf7-textarea\" aria-invalid=\"false\" placeholder=\"D\u00e9tails de la r\u00e9servation...\" name=\"your-message\"><\/textarea><\/span>\n<\/div>\n<div class=\"qodef-grid-item qodef-col--12\">\n<span class=\"wpcf7-form-control-wrap\" data-name=\"your-name\"><input size=\"40\" maxlength=\"400\" class=\"wpcf7-form-control wpcf7-text wpcf7-validates-as-required\" aria-required=\"true\" aria-invalid=\"false\" placeholder=\"Votre nom...\" value=\"\" type=\"text\" name=\"your-name\" \/><\/span>\n<\/div>\n<div class=\"qodef-grid-item qodef-col--12\">\n<span class=\"wpcf7-form-control-wrap\" data-name=\"your-email\"><input size=\"40\" maxlength=\"400\" class=\"wpcf7-form-control wpcf7-email wpcf7-validates-as-required wpcf7-text wpcf7-validates-as-email\" aria-required=\"true\" aria-invalid=\"false\" placeholder=\"Votre adresse e-mail...\" value=\"\" type=\"email\" name=\"your-email\" \/><\/span>\n<\/div>\n<div class=\"qodef-grid-item qodef-col--12\">\n<span class=\"wpcf7-form-control-wrap\" data-name=\"your-tel\"><input size=\"40\" maxlength=\"400\" minlength=\"10\" class=\"wpcf7-form-control wpcf7-tel wpcf7-validates-as-required wpcf7-text wpcf7-validates-as-tel\" autocomplete=\"tel\" aria-required=\"true\" aria-invalid=\"false\" value=\"Telephone\" type=\"tel\" name=\"your-tel\" \/><\/span>\n<\/div>\n<div class=\"qodef-grid-item qodef-col--12\">\n<span class=\"wpcf7-form-control-wrap\" data-name=\"checkbox-388\"><span class=\"wpcf7-form-control wpcf7-checkbox wpcf7-validates-as-required\"><span class=\"wpcf7-list-item first last\"><input type=\"checkbox\" name=\"checkbox-388[]\" value=\"J&#039;accepte les conditions generales\" \/><span class=\"wpcf7-list-item-label\">J&#039;accepte les conditions generales<\/span><\/span><\/span><\/span>\n<\/div>\n<div class=\"qodef-grid-item qodef-col--12\" style=\"font-size: small;\">\nCe site est prot\u00e9g\u00e9 par reCAPTCHA et par Google.\nLa <a href=\"https:\/\/policies.google.com\/privacy\">politique de confidentialit\u00e9<\/a> et les <a href=\"https:\/\/policies.google.com\/terms\">conditions d\u2019utilisation<\/a> s\u2019appliquent.\n<\/div>\n\n<div class=\"qodef-grid-item qodef-col--12\" style=\"text-align: left;\">\n<button class=\"wpcf7-form-control wpcf7-submit qodef-shortcode qodef-m hero-button light-button qodef-button qodef-layout--filled qodef-size--small qodef-html--link qodef-button qodef-size--normal qodef-type--outlined qodef-m\" type=\"submit\"><span class=\"qodef-m-text\">Soumettre<\/span><\/button>\n<\/div>\n<\/div>\n<\/div><div class=\"wpcf7-response-output\" aria-hidden=\"true\"><\/div>\n<\/form>\n<\/div>\n<\/div>\n\t\t\t\t<\/div>\n\t\t\t\t<\/div>\n\t\t\t\t\t<\/div>\n\t\t<\/div>\n\t\t\t\t\t<\/div>\n\t\t<\/section>\n\t\t<div class=\"elementor-element elementor-element-340c1eb e-flex e-con-boxed e-con e-parent\" data-id=\"340c1eb\" data-element_type=\"container\" data-e-type=\"container\" data-settings=\"{&quot;background_background&quot;:&quot;classic&quot;}\">\n\t\t\t\t\t<div class=\"e-con-inner\">\n\t\t\t\t<div class=\"elementor-element elementor-element-a1748db elementor-widget elementor-widget-google_maps\" data-id=\"a1748db\" data-element_type=\"widget\" data-e-type=\"widget\" data-widget_type=\"google_maps.default\">\n\t\t\t\t<div class=\"elementor-widget-container\">\n\t\t\t\t\t\t\t<div class=\"elementor-custom-embed\">\n\t\t\t<iframe loading=\"lazy\"\n\t\t\t\t\tsrc=\"https:\/\/maps.google.com\/maps?q=Zeedijk%2077%2F79%208370%20Blankenberge&#038;t=m&#038;z=15&#038;output=embed&#038;iwloc=near\"\n\t\t\t\t\ttitle=\"Zeedijk 77\/79 8370 Blankenberge\"\n\t\t\t\t\taria-label=\"Zeedijk 77\/79 8370 Blankenberge\"\n\t\t\t><\/iframe>\n\t\t<\/div>\n\t\t\t\t\t\t<\/div>\n\t\t\t\t<\/div>\n\t\t\t\t\t<\/div>\n\t\t\t\t<\/div>\n\t\t\t\t<\/div>\n\t\t","protected":false},"excerpt":{"rendered":"<p>R\u00e9servez une table \u00e0 la Brasserie Royale Profitez d&rsquo;un repas d\u00e9contract\u00e9 avec vue panoramique sur la mer au Beach Palace Hotel. R\u00e9servez une table \u00e0 la Brasserie Royale Nous sommes ravis de vous aider \u00e0 r\u00e9server une table \u00e0 la Brasserie Royale.Veuillez utiliser le formulaire pour nous envoyer votre demande ; notre \u00e9quipe vous contactera [&hellip;]<\/p>\n","protected":false},"author":3,"featured_media":0,"parent":0,"menu_order":0,"comment_status":"closed","ping_status":"closed","template":"page-full-width.php","meta":{"footnotes":""},"class_list":["post-27187","page","type-page","status-publish","hentry"],"yoast_head":"<!-- This site is optimized with the Yoast SEO plugin v27.3 - https:\/\/yoast.com\/product\/yoast-seo-wordpress\/ -->\n<title>Contacter le restaurant - Hotel Beach Palace<\/title>\n<meta name=\"robots\" content=\"index, follow, max-snippet:-1, max-image-preview:large, max-video-preview:-1\" \/>\n<link rel=\"canonical\" href=\"https:\/\/beach-palace.com\/fr\/contactez-nous-2\/\" \/>\n<meta property=\"og:locale\" content=\"fr_FR\" \/>\n<meta property=\"og:type\" content=\"article\" \/>\n<meta property=\"og:title\" content=\"Contacter le restaurant - Hotel Beach Palace\" \/>\n<meta property=\"og:description\" content=\"R\u00e9servez une table \u00e0 la Brasserie Royale Profitez d&rsquo;un repas d\u00e9contract\u00e9 avec vue panoramique sur la mer au Beach Palace Hotel. R\u00e9servez une table \u00e0 la Brasserie Royale Nous sommes ravis de vous aider \u00e0 r\u00e9server une table \u00e0 la Brasserie Royale.Veuillez utiliser le formulaire pour nous envoyer votre demande ; notre \u00e9quipe vous contactera [&hellip;]\" \/>\n<meta property=\"og:url\" content=\"https:\/\/beach-palace.com\/fr\/contactez-nous-2\/\" \/>\n<meta property=\"og:site_name\" content=\"Hotel Beach Palace\" \/>\n<meta property=\"article:modified_time\" content=\"2026-02-11T16:59:19+00:00\" \/>\n<meta name=\"twitter:card\" content=\"summary_large_image\" \/>\n<script type=\"application\/ld+json\" class=\"yoast-schema-graph\">{\"@context\":\"https:\\\/\\\/schema.org\",\"@graph\":[{\"@type\":\"WebPage\",\"@id\":\"https:\\\/\\\/beach-palace.com\\\/fr\\\/contactez-nous-2\\\/\",\"url\":\"https:\\\/\\\/beach-palace.com\\\/fr\\\/contactez-nous-2\\\/\",\"name\":\"Contacter le restaurant - Hotel Beach Palace\",\"isPartOf\":{\"@id\":\"https:\\\/\\\/cw-hotel-bp.albastria.com\\\/#website\"},\"datePublished\":\"2026-01-15T11:37:14+00:00\",\"dateModified\":\"2026-02-11T16:59:19+00:00\",\"breadcrumb\":{\"@id\":\"https:\\\/\\\/beach-palace.com\\\/fr\\\/contactez-nous-2\\\/#breadcrumb\"},\"inLanguage\":\"fr-FR\",\"potentialAction\":[{\"@type\":\"ReadAction\",\"target\":[\"https:\\\/\\\/beach-palace.com\\\/fr\\\/contactez-nous-2\\\/\"]}]},{\"@type\":\"BreadcrumbList\",\"@id\":\"https:\\\/\\\/beach-palace.com\\\/fr\\\/contactez-nous-2\\\/#breadcrumb\",\"itemListElement\":[{\"@type\":\"ListItem\",\"position\":1,\"name\":\"Home\",\"item\":\"https:\\\/\\\/beach-palace.com\\\/fr\\\/accueil-2\\\/\"},{\"@type\":\"ListItem\",\"position\":2,\"name\":\"Contacter le restaurant\"}]},{\"@type\":\"WebSite\",\"@id\":\"https:\\\/\\\/cw-hotel-bp.albastria.com\\\/#website\",\"url\":\"https:\\\/\\\/cw-hotel-bp.albastria.com\\\/\",\"name\":\"Hotel Beach Palace\",\"description\":\"CW Hotel Collection\",\"publisher\":{\"@id\":\"https:\\\/\\\/cw-hotel-bp.albastria.com\\\/#organization\"},\"potentialAction\":[{\"@type\":\"SearchAction\",\"target\":{\"@type\":\"EntryPoint\",\"urlTemplate\":\"https:\\\/\\\/cw-hotel-bp.albastria.com\\\/?s={search_term_string}\"},\"query-input\":{\"@type\":\"PropertyValueSpecification\",\"valueRequired\":true,\"valueName\":\"search_term_string\"}}],\"inLanguage\":\"fr-FR\"},{\"@type\":\"Organization\",\"@id\":\"https:\\\/\\\/cw-hotel-bp.albastria.com\\\/#organization\",\"name\":\"Hotel Beach Palace\",\"url\":\"https:\\\/\\\/cw-hotel-bp.albastria.com\\\/\",\"logo\":{\"@type\":\"ImageObject\",\"inLanguage\":\"fr-FR\",\"@id\":\"https:\\\/\\\/cw-hotel-bp.albastria.com\\\/#\\\/schema\\\/logo\\\/image\\\/\",\"url\":\"https:\\\/\\\/beach-palace.com\\\/wp-content\\\/uploads\\\/2024\\\/08\\\/hotel-beach-palace-logo.webp\",\"contentUrl\":\"https:\\\/\\\/beach-palace.com\\\/wp-content\\\/uploads\\\/2024\\\/08\\\/hotel-beach-palace-logo.webp\",\"width\":200,\"height\":173,\"caption\":\"Hotel Beach Palace\"},\"image\":{\"@id\":\"https:\\\/\\\/cw-hotel-bp.albastria.com\\\/#\\\/schema\\\/logo\\\/image\\\/\"}}]}<\/script>\n<!-- \/ Yoast SEO plugin. -->","yoast_head_json":{"title":"Contacter le restaurant - Hotel Beach Palace","robots":{"index":"index","follow":"follow","max-snippet":"max-snippet:-1","max-image-preview":"max-image-preview:large","max-video-preview":"max-video-preview:-1"},"canonical":"https:\/\/beach-palace.com\/fr\/contactez-nous-2\/","og_locale":"fr_FR","og_type":"article","og_title":"Contacter le restaurant - Hotel Beach Palace","og_description":"R\u00e9servez une table \u00e0 la Brasserie Royale Profitez d&rsquo;un repas d\u00e9contract\u00e9 avec vue panoramique sur la mer au Beach Palace Hotel. R\u00e9servez une table \u00e0 la Brasserie Royale Nous sommes ravis de vous aider \u00e0 r\u00e9server une table \u00e0 la Brasserie Royale.Veuillez utiliser le formulaire pour nous envoyer votre demande ; notre \u00e9quipe vous contactera [&hellip;]","og_url":"https:\/\/beach-palace.com\/fr\/contactez-nous-2\/","og_site_name":"Hotel Beach Palace","article_modified_time":"2026-02-11T16:59:19+00:00","twitter_card":"summary_large_image","schema":{"@context":"https:\/\/schema.org","@graph":[{"@type":"WebPage","@id":"https:\/\/beach-palace.com\/fr\/contactez-nous-2\/","url":"https:\/\/beach-palace.com\/fr\/contactez-nous-2\/","name":"Contacter le restaurant - Hotel Beach Palace","isPartOf":{"@id":"https:\/\/cw-hotel-bp.albastria.com\/#website"},"datePublished":"2026-01-15T11:37:14+00:00","dateModified":"2026-02-11T16:59:19+00:00","breadcrumb":{"@id":"https:\/\/beach-palace.com\/fr\/contactez-nous-2\/#breadcrumb"},"inLanguage":"fr-FR","potentialAction":[{"@type":"ReadAction","target":["https:\/\/beach-palace.com\/fr\/contactez-nous-2\/"]}]},{"@type":"BreadcrumbList","@id":"https:\/\/beach-palace.com\/fr\/contactez-nous-2\/#breadcrumb","itemListElement":[{"@type":"ListItem","position":1,"name":"Home","item":"https:\/\/beach-palace.com\/fr\/accueil-2\/"},{"@type":"ListItem","position":2,"name":"Contacter le restaurant"}]},{"@type":"WebSite","@id":"https:\/\/cw-hotel-bp.albastria.com\/#website","url":"https:\/\/cw-hotel-bp.albastria.com\/","name":"Hotel Beach Palace","description":"CW Hotel Collection","publisher":{"@id":"https:\/\/cw-hotel-bp.albastria.com\/#organization"},"potentialAction":[{"@type":"SearchAction","target":{"@type":"EntryPoint","urlTemplate":"https:\/\/cw-hotel-bp.albastria.com\/?s={search_term_string}"},"query-input":{"@type":"PropertyValueSpecification","valueRequired":true,"valueName":"search_term_string"}}],"inLanguage":"fr-FR"},{"@type":"Organization","@id":"https:\/\/cw-hotel-bp.albastria.com\/#organization","name":"Hotel Beach Palace","url":"https:\/\/cw-hotel-bp.albastria.com\/","logo":{"@type":"ImageObject","inLanguage":"fr-FR","@id":"https:\/\/cw-hotel-bp.albastria.com\/#\/schema\/logo\/image\/","url":"https:\/\/beach-palace.com\/wp-content\/uploads\/2024\/08\/hotel-beach-palace-logo.webp","contentUrl":"https:\/\/beach-palace.com\/wp-content\/uploads\/2024\/08\/hotel-beach-palace-logo.webp","width":200,"height":173,"caption":"Hotel Beach Palace"},"image":{"@id":"https:\/\/cw-hotel-bp.albastria.com\/#\/schema\/logo\/image\/"}}]}},"_links":{"self":[{"href":"https:\/\/beach-palace.com\/fr\/wp-json\/wp\/v2\/pages\/27187","targetHints":{"allow":["GET"]}}],"collection":[{"href":"https:\/\/beach-palace.com\/fr\/wp-json\/wp\/v2\/pages"}],"about":[{"href":"https:\/\/beach-palace.com\/fr\/wp-json\/wp\/v2\/types\/page"}],"author":[{"embeddable":true,"href":"https:\/\/beach-palace.com\/fr\/wp-json\/wp\/v2\/users\/3"}],"replies":[{"embeddable":true,"href":"https:\/\/beach-palace.com\/fr\/wp-json\/wp\/v2\/comments?post=27187"}],"version-history":[{"count":9,"href":"https:\/\/beach-palace.com\/fr\/wp-json\/wp\/v2\/pages\/27187\/revisions"}],"predecessor-version":[{"id":27694,"href":"https:\/\/beach-palace.com\/fr\/wp-json\/wp\/v2\/pages\/27187\/revisions\/27694"}],"wp:attachment":[{"href":"https:\/\/beach-palace.com\/fr\/wp-json\/wp\/v2\/media?parent=27187"}],"curies":[{"name":"wp","href":"https:\/\/api.w.org\/{rel}","templated":true}]}}