{"id":17072,"date":"2024-03-28T13:26:20","date_gmt":"2024-03-28T12:26:20","guid":{"rendered":"https:\/\/beach-palace.com\/alimentation-et-boissons\/"},"modified":"2026-02-28T11:59:10","modified_gmt":"2026-02-28T10:59:10","slug":"alimentation-et-boissons","status":"publish","type":"page","link":"https:\/\/beach-palace.com\/fr\/alimentation-et-boissons\/","title":{"rendered":"Restaurant &amp; Bar"},"content":{"rendered":"\t\t<div data-elementor-type=\"wp-page\" data-elementor-id=\"17072\" class=\"elementor elementor-17072 elementor-14146\">\n\t\t\t\t<div class=\"elementor-element elementor-element-82f8c9c e-flex e-con-boxed e-con e-parent\" data-id=\"82f8c9c\" data-element_type=\"container\" data-e-type=\"container\" data-settings=\"{&quot;background_background&quot;:&quot;classic&quot;}\">\n\t\t\t\t\t<div class=\"e-con-inner\">\n\t\t\t\t<div class=\"elementor-element elementor-element-2bb17aa elementor-widget elementor-widget-qi_addons_for_elementor_section_title\" data-id=\"2bb17aa\" data-element_type=\"widget\" data-e-type=\"widget\" data-widget_type=\"qi_addons_for_elementor_section_title.default\">\n\t\t\t\t<div class=\"elementor-widget-container\">\n\t\t\t\t\t<div class=\"qodef-shortcode qodef-m drop-shadow qodef-qi-section-title qodef-decoration--italic qodef-link--underline-draw qodef-subtitle-icon--left\">\n\t\t\t<h1 class=\"qodef-m-title\">\n\t\tRestaurant &amp; Bar avec vue\t<\/h1>\n\t\t\t\t<h6 class=\"qodef-m-subtitle\">\n\t\tDu petit-d\u00e9jeuner raffin\u00e9 face \u00e0 la mer aux d\u00eeners \u00e9l\u00e9gants \u00e0 la Brasserie Royal, savourez une exp\u00e9rience culinaire qui se d\u00e9ploie du lever au coucher du soleil\t\t\t<\/h6>\n\t\t\t<\/div>\n\t\t\t\t<\/div>\n\t\t\t\t<\/div>\n\t\t\t\t\t<\/div>\n\t\t\t\t<\/div>\n\t\t<div class=\"elementor-element elementor-element-d92cb7a e-flex e-con-boxed e-con e-parent\" data-id=\"d92cb7a\" data-element_type=\"container\" data-e-type=\"container\" data-settings=\"{&quot;background_background&quot;:&quot;classic&quot;}\">\n\t\t\t\t\t<div class=\"e-con-inner\">\n\t\t<div class=\"elementor-element elementor-element-8709a41 e-con-full e-flex e-con e-child\" data-id=\"8709a41\" data-element_type=\"container\" data-e-type=\"container\">\n\t\t\t\t<div class=\"elementor-element elementor-element-c7a401f elementor-widget__width-auto elementor-widget elementor-widget-augustine_core_image_with_text\" data-id=\"c7a401f\" data-element_type=\"widget\" data-e-type=\"widget\" data-widget_type=\"augustine_core_image_with_text.default\">\n\t\t\t\t<div class=\"elementor-widget-container\">\n\t\t\t\t\t<div class=\"qodef-shortcode qodef-m  qodef-image-with-text qodef-layout--text-below   \">\n\t<div class=\"qodef-m-image\">\n                                            <img fetchpriority=\"high\" decoding=\"async\" width=\"1000\" height=\"1333\" src=\"https:\/\/beach-palace.com\/wp-content\/uploads\/2026\/01\/Restaurant-Royal-Photo.webp\" class=\"attachment-full size-full\" alt=\"Restaurant Royal Photo\" srcset=\"https:\/\/beach-palace.com\/wp-content\/uploads\/2026\/01\/Restaurant-Royal-Photo.webp 1000w, https:\/\/beach-palace.com\/wp-content\/uploads\/2026\/01\/Restaurant-Royal-Photo-225x300.webp 225w, https:\/\/beach-palace.com\/wp-content\/uploads\/2026\/01\/Restaurant-Royal-Photo-768x1024.webp 768w\" sizes=\"(max-width: 1000px) 100vw, 1000px\" \/>\n                                            <\/div>\t<div class=\"qodef-m-content\">\n\t\t\t\t\t\t\t<\/div>\n<\/div>\t\t\t\t<\/div>\n\t\t\t\t<\/div>\n\t\t\t\t<\/div>\n\t\t<div class=\"elementor-element elementor-element-506ba5e e-con-full e-flex e-con e-child\" data-id=\"506ba5e\" data-element_type=\"container\" data-e-type=\"container\">\n\t\t\t\t<div class=\"elementor-element elementor-element-740cc25 elementor-widget-tablet__width-auto elementor-widget elementor-widget-qi_addons_for_elementor_section_title\" data-id=\"740cc25\" data-element_type=\"widget\" data-e-type=\"widget\" data-widget_type=\"qi_addons_for_elementor_section_title.default\">\n\t\t\t\t<div class=\"elementor-widget-container\">\n\t\t\t\t\t<div class=\"qodef-shortcode qodef-m qodef-qi-section-title qodef-decoration--italic qodef-link--underline-draw qodef-subtitle-icon--left\">\n\t\t\t<h1 class=\"qodef-m-title\">\n\t\tBrasserie Royal \u2014 Raffinement intemporel en bord de mer\t<\/h1>\n\t\t\t\t<h6 class=\"qodef-m-subtitle\">\n\t\tDans un d\u00e9cor d\u2019une \u00e9l\u00e9gance discr\u00e8te, Brasserie Royal vous convie \u00e0 d\u00e9couvrir de grands classiques belges, sublim\u00e9s par les meilleurs ingr\u00e9dients de saison et un profond respect des traditions. Un lieu o\u00f9 le plaisir s\u2019impose naturellement, port\u00e9 par le panorama unique de la mer du Nord.   \t\t\t<\/h6>\n\t\t\t<\/div>\n\t\t\t\t<\/div>\n\t\t\t\t<\/div>\n\t\t\t\t<div class=\"elementor-element elementor-element-121e613 elementor-widget-mobile__width-initial elementor-widget elementor-widget-augustine_core_button\" data-id=\"121e613\" data-element_type=\"widget\" data-e-type=\"widget\" data-widget_type=\"augustine_core_button.default\">\n\t\t\t\t<div class=\"elementor-widget-container\">\n\t\t\t\t\t<a class=\"qodef-shortcode qodef-m light-button qodef-button qodef-layout--filled qodef-size--small qodef-html--link \" href=\"https:\/\/beach-palace.com\/wp-content\/uploads\/2025\/07\/MENU-ENGLISH-1.pdf\" target=\"_self\" data-hover-color=\"#F9F6EE\" data-hover-background-color=\"#3A2C23\" data-hover-border-color=\"#D6AD61\" style=\"color: #3A2C23;background-color: #F9F6EE;border-color: #3A2C23;font-weight: 400\">\n\t<span class=\"qodef-m-text\">D\u00e9couvrir notre menu<\/span>\n<\/a>\t\t\t\t<\/div>\n\t\t\t\t<\/div>\n\t\t\t\t<div class=\"elementor-element elementor-element-1fd1ae2 elementor-widget elementor-widget-augustine_core_button\" data-id=\"1fd1ae2\" data-element_type=\"widget\" data-e-type=\"widget\" data-widget_type=\"augustine_core_button.default\">\n\t\t\t\t<div class=\"elementor-widget-container\">\n\t\t\t\t\t<a class=\"qodef-shortcode qodef-m  qodef-button qodef-layout--filled  qodef-html--link \" href=\"https:\/\/beach-palace.com\/fr\/contactez-nous-2\/\" target=\"_self\"  >\n\t<span class=\"qodef-m-text\">R\u00e9server une table<\/span>\n<\/a>\t\t\t\t<\/div>\n\t\t\t\t<\/div>\n\t\t\t\t<\/div>\n\t\t\t\t\t<\/div>\n\t\t\t\t<\/div>\n\t\t<div class=\"elementor-element elementor-element-2255343 e-flex e-con-boxed e-con e-parent\" data-id=\"2255343\" data-element_type=\"container\" data-e-type=\"container\" data-settings=\"{&quot;background_background&quot;:&quot;classic&quot;}\">\n\t\t\t\t\t<div class=\"e-con-inner\">\n\t\t<div class=\"elementor-element elementor-element-514bffe e-con-full e-flex e-con e-child\" data-id=\"514bffe\" data-element_type=\"container\" data-e-type=\"container\">\n\t\t\t\t<div class=\"elementor-element elementor-element-52ed01f elementor-widget elementor-widget-qi_addons_for_elementor_section_title\" data-id=\"52ed01f\" data-element_type=\"widget\" data-e-type=\"widget\" data-widget_type=\"qi_addons_for_elementor_section_title.default\">\n\t\t\t\t<div class=\"elementor-widget-container\">\n\t\t\t\t\t<div class=\"qodef-shortcode qodef-m qodef-qi-section-title qodef-decoration--italic qodef-link--underline-draw qodef-subtitle-icon--left\">\n\t\t\t<h1 class=\"qodef-m-title\">\n\t\tL\u2019Apero \u2013 Une adresse \u00e9l\u00e9gante pour savourer l\u2019instant\t<\/h1>\n\t\t\t\t<h6 class=\"qodef-m-subtitle\">\n\t\tSous une lumi\u00e8re feutr\u00e9e et dans une atmosph\u00e8re apaisante, L\u2019Apero est l\u2019endroit id\u00e9al pour profiter de chaque moment de la journ\u00e9e en toute \u00e9l\u00e9gance. Que ce soit autour d\u2019un caf\u00e9 matinal ou d\u2019un ap\u00e9ritif au coucher du soleil, chaque instant s\u2019y vit avec raffinement et justesse. \t\t\t<\/h6>\n\t\t\t<\/div>\n\t\t\t\t<\/div>\n\t\t\t\t<\/div>\n\t\t\t\t<\/div>\n\t\t<div class=\"elementor-element elementor-element-811212e e-con-full e-flex e-con e-child\" data-id=\"811212e\" data-element_type=\"container\" data-e-type=\"container\">\n\t\t\t\t<div class=\"elementor-element elementor-element-1137460 elementor-widget elementor-widget-augustine_core_image_with_text\" data-id=\"1137460\" data-element_type=\"widget\" data-e-type=\"widget\" data-widget_type=\"augustine_core_image_with_text.default\">\n\t\t\t\t<div class=\"elementor-widget-container\">\n\t\t\t\t\t<div class=\"qodef-shortcode qodef-m  qodef-image-with-text qodef-layout--text-below   \">\n\t<div class=\"qodef-m-image\">\n                                            <img decoding=\"async\" src=\"https:\/\/beach-palace.com\/wp-content\/uploads\/2024\/06\/Hotel-Beach-Palace-bar-5-688x600.webp\" alt=\"\" width=\"688\" height=\"600\" data-ratio=\"1.1466666666667\" \/>\n                                            <\/div>\t<div class=\"qodef-m-content\">\n\t\t\t\t\t\t\t<\/div>\n<\/div>\t\t\t\t<\/div>\n\t\t\t\t<\/div>\n\t\t\t\t<\/div>\n\t\t\t\t\t<\/div>\n\t\t\t\t<\/div>\n\t\t\t\t<\/div>\n\t\t","protected":false},"excerpt":{"rendered":"<p>Restaurant &amp; Bar avec vue Du petit-d\u00e9jeuner raffin\u00e9 face \u00e0 la mer aux d\u00eeners \u00e9l\u00e9gants \u00e0 la Brasserie Royal, savourez une exp\u00e9rience culinaire qui se d\u00e9ploie du lever au coucher du soleil Brasserie Royal \u2014 Raffinement intemporel en bord de mer Dans un d\u00e9cor d\u2019une \u00e9l\u00e9gance discr\u00e8te, Brasserie Royal vous convie \u00e0 d\u00e9couvrir de grands [&hellip;]<\/p>\n","protected":false},"author":3,"featured_media":0,"parent":0,"menu_order":0,"comment_status":"closed","ping_status":"closed","template":"page-full-width.php","meta":{"footnotes":""},"class_list":["post-17072","page","type-page","status-publish","hentry"],"yoast_head":"<!-- This site is optimized with the Yoast SEO plugin v27.3 - https:\/\/yoast.com\/product\/yoast-seo-wordpress\/ -->\n<title>Restaurant &amp; Bar - Hotel Beach Palace<\/title>\n<meta name=\"robots\" content=\"index, follow, max-snippet:-1, max-image-preview:large, max-video-preview:-1\" \/>\n<link rel=\"canonical\" href=\"https:\/\/beach-palace.com\/food-drinks\/\" \/>\n<meta property=\"og:locale\" content=\"fr_FR\" \/>\n<meta property=\"og:type\" content=\"article\" \/>\n<meta property=\"og:title\" content=\"Restaurant &amp; Bar - Hotel Beach Palace\" \/>\n<meta property=\"og:description\" content=\"Restaurant &amp; Bar avec vue Du petit-d\u00e9jeuner raffin\u00e9 face \u00e0 la mer aux d\u00eeners \u00e9l\u00e9gants \u00e0 la Brasserie Royal, savourez une exp\u00e9rience culinaire qui se d\u00e9ploie du lever au coucher du soleil Brasserie Royal \u2014 Raffinement intemporel en bord de mer Dans un d\u00e9cor d\u2019une \u00e9l\u00e9gance discr\u00e8te, Brasserie Royal vous convie \u00e0 d\u00e9couvrir de grands [&hellip;]\" \/>\n<meta property=\"og:url\" content=\"https:\/\/beach-palace.com\/food-drinks\/\" \/>\n<meta property=\"og:site_name\" content=\"Hotel Beach Palace\" \/>\n<meta property=\"article:modified_time\" content=\"2026-02-28T10:59:10+00:00\" \/>\n<meta property=\"og:image\" content=\"https:\/\/beach-palace.com\/wp-content\/uploads\/2026\/01\/Restaurant-Royal-Photo.webp\" \/>\n<meta name=\"twitter:card\" content=\"summary_large_image\" \/>\n<meta name=\"twitter:label1\" content=\"Dur\u00e9e de lecture estim\u00e9e\" \/>\n\t<meta name=\"twitter:data1\" content=\"1 minute\" \/>\n<script type=\"application\/ld+json\" class=\"yoast-schema-graph\">{\"@context\":\"https:\\\/\\\/schema.org\",\"@graph\":[{\"@type\":\"WebPage\",\"@id\":\"https:\\\/\\\/beach-palace.com\\\/food-drinks\\\/\",\"url\":\"https:\\\/\\\/beach-palace.com\\\/food-drinks\\\/\",\"name\":\"Restaurant &amp; Bar - Hotel Beach Palace\",\"isPartOf\":{\"@id\":\"https:\\\/\\\/cw-hotel-bp.albastria.com\\\/#website\"},\"primaryImageOfPage\":{\"@id\":\"https:\\\/\\\/beach-palace.com\\\/food-drinks\\\/#primaryimage\"},\"image\":{\"@id\":\"https:\\\/\\\/beach-palace.com\\\/food-drinks\\\/#primaryimage\"},\"thumbnailUrl\":\"https:\\\/\\\/beach-palace.com\\\/wp-content\\\/uploads\\\/2026\\\/01\\\/Restaurant-Royal-Photo.webp\",\"datePublished\":\"2024-03-28T12:26:20+00:00\",\"dateModified\":\"2026-02-28T10:59:10+00:00\",\"breadcrumb\":{\"@id\":\"https:\\\/\\\/beach-palace.com\\\/food-drinks\\\/#breadcrumb\"},\"inLanguage\":\"fr-FR\",\"potentialAction\":[{\"@type\":\"ReadAction\",\"target\":[\"https:\\\/\\\/beach-palace.com\\\/food-drinks\\\/\"]}]},{\"@type\":\"ImageObject\",\"inLanguage\":\"fr-FR\",\"@id\":\"https:\\\/\\\/beach-palace.com\\\/food-drinks\\\/#primaryimage\",\"url\":\"https:\\\/\\\/beach-palace.com\\\/wp-content\\\/uploads\\\/2026\\\/01\\\/Restaurant-Royal-Photo.webp\",\"contentUrl\":\"https:\\\/\\\/beach-palace.com\\\/wp-content\\\/uploads\\\/2026\\\/01\\\/Restaurant-Royal-Photo.webp\"},{\"@type\":\"BreadcrumbList\",\"@id\":\"https:\\\/\\\/beach-palace.com\\\/food-drinks\\\/#breadcrumb\",\"itemListElement\":[{\"@type\":\"ListItem\",\"position\":1,\"name\":\"Home\",\"item\":\"https:\\\/\\\/beach-palace.com\\\/fr\\\/accueil-2\\\/\"},{\"@type\":\"ListItem\",\"position\":2,\"name\":\"Restaurant &amp; Bar\"}]},{\"@type\":\"WebSite\",\"@id\":\"https:\\\/\\\/cw-hotel-bp.albastria.com\\\/#website\",\"url\":\"https:\\\/\\\/cw-hotel-bp.albastria.com\\\/\",\"name\":\"Hotel Beach Palace\",\"description\":\"CW Hotel Collection\",\"publisher\":{\"@id\":\"https:\\\/\\\/cw-hotel-bp.albastria.com\\\/#organization\"},\"potentialAction\":[{\"@type\":\"SearchAction\",\"target\":{\"@type\":\"EntryPoint\",\"urlTemplate\":\"https:\\\/\\\/cw-hotel-bp.albastria.com\\\/?s={search_term_string}\"},\"query-input\":{\"@type\":\"PropertyValueSpecification\",\"valueRequired\":true,\"valueName\":\"search_term_string\"}}],\"inLanguage\":\"fr-FR\"},{\"@type\":\"Organization\",\"@id\":\"https:\\\/\\\/cw-hotel-bp.albastria.com\\\/#organization\",\"name\":\"Hotel Beach Palace\",\"url\":\"https:\\\/\\\/cw-hotel-bp.albastria.com\\\/\",\"logo\":{\"@type\":\"ImageObject\",\"inLanguage\":\"fr-FR\",\"@id\":\"https:\\\/\\\/cw-hotel-bp.albastria.com\\\/#\\\/schema\\\/logo\\\/image\\\/\",\"url\":\"https:\\\/\\\/beach-palace.com\\\/wp-content\\\/uploads\\\/2024\\\/08\\\/hotel-beach-palace-logo.webp\",\"contentUrl\":\"https:\\\/\\\/beach-palace.com\\\/wp-content\\\/uploads\\\/2024\\\/08\\\/hotel-beach-palace-logo.webp\",\"width\":200,\"height\":173,\"caption\":\"Hotel Beach Palace\"},\"image\":{\"@id\":\"https:\\\/\\\/cw-hotel-bp.albastria.com\\\/#\\\/schema\\\/logo\\\/image\\\/\"}}]}<\/script>\n<!-- \/ Yoast SEO plugin. -->","yoast_head_json":{"title":"Restaurant &amp; Bar - Hotel Beach Palace","robots":{"index":"index","follow":"follow","max-snippet":"max-snippet:-1","max-image-preview":"max-image-preview:large","max-video-preview":"max-video-preview:-1"},"canonical":"https:\/\/beach-palace.com\/food-drinks\/","og_locale":"fr_FR","og_type":"article","og_title":"Restaurant &amp; Bar - Hotel Beach Palace","og_description":"Restaurant &amp; Bar avec vue Du petit-d\u00e9jeuner raffin\u00e9 face \u00e0 la mer aux d\u00eeners \u00e9l\u00e9gants \u00e0 la Brasserie Royal, savourez une exp\u00e9rience culinaire qui se d\u00e9ploie du lever au coucher du soleil Brasserie Royal \u2014 Raffinement intemporel en bord de mer Dans un d\u00e9cor d\u2019une \u00e9l\u00e9gance discr\u00e8te, Brasserie Royal vous convie \u00e0 d\u00e9couvrir de grands [&hellip;]","og_url":"https:\/\/beach-palace.com\/food-drinks\/","og_site_name":"Hotel Beach Palace","article_modified_time":"2026-02-28T10:59:10+00:00","og_image":[{"url":"https:\/\/beach-palace.com\/wp-content\/uploads\/2026\/01\/Restaurant-Royal-Photo.webp","type":"","width":"","height":""}],"twitter_card":"summary_large_image","twitter_misc":{"Dur\u00e9e de lecture estim\u00e9e":"1 minute"},"schema":{"@context":"https:\/\/schema.org","@graph":[{"@type":"WebPage","@id":"https:\/\/beach-palace.com\/food-drinks\/","url":"https:\/\/beach-palace.com\/food-drinks\/","name":"Restaurant &amp; Bar - Hotel Beach Palace","isPartOf":{"@id":"https:\/\/cw-hotel-bp.albastria.com\/#website"},"primaryImageOfPage":{"@id":"https:\/\/beach-palace.com\/food-drinks\/#primaryimage"},"image":{"@id":"https:\/\/beach-palace.com\/food-drinks\/#primaryimage"},"thumbnailUrl":"https:\/\/beach-palace.com\/wp-content\/uploads\/2026\/01\/Restaurant-Royal-Photo.webp","datePublished":"2024-03-28T12:26:20+00:00","dateModified":"2026-02-28T10:59:10+00:00","breadcrumb":{"@id":"https:\/\/beach-palace.com\/food-drinks\/#breadcrumb"},"inLanguage":"fr-FR","potentialAction":[{"@type":"ReadAction","target":["https:\/\/beach-palace.com\/food-drinks\/"]}]},{"@type":"ImageObject","inLanguage":"fr-FR","@id":"https:\/\/beach-palace.com\/food-drinks\/#primaryimage","url":"https:\/\/beach-palace.com\/wp-content\/uploads\/2026\/01\/Restaurant-Royal-Photo.webp","contentUrl":"https:\/\/beach-palace.com\/wp-content\/uploads\/2026\/01\/Restaurant-Royal-Photo.webp"},{"@type":"BreadcrumbList","@id":"https:\/\/beach-palace.com\/food-drinks\/#breadcrumb","itemListElement":[{"@type":"ListItem","position":1,"name":"Home","item":"https:\/\/beach-palace.com\/fr\/accueil-2\/"},{"@type":"ListItem","position":2,"name":"Restaurant &amp; Bar"}]},{"@type":"WebSite","@id":"https:\/\/cw-hotel-bp.albastria.com\/#website","url":"https:\/\/cw-hotel-bp.albastria.com\/","name":"Hotel Beach Palace","description":"CW Hotel Collection","publisher":{"@id":"https:\/\/cw-hotel-bp.albastria.com\/#organization"},"potentialAction":[{"@type":"SearchAction","target":{"@type":"EntryPoint","urlTemplate":"https:\/\/cw-hotel-bp.albastria.com\/?s={search_term_string}"},"query-input":{"@type":"PropertyValueSpecification","valueRequired":true,"valueName":"search_term_string"}}],"inLanguage":"fr-FR"},{"@type":"Organization","@id":"https:\/\/cw-hotel-bp.albastria.com\/#organization","name":"Hotel Beach Palace","url":"https:\/\/cw-hotel-bp.albastria.com\/","logo":{"@type":"ImageObject","inLanguage":"fr-FR","@id":"https:\/\/cw-hotel-bp.albastria.com\/#\/schema\/logo\/image\/","url":"https:\/\/beach-palace.com\/wp-content\/uploads\/2024\/08\/hotel-beach-palace-logo.webp","contentUrl":"https:\/\/beach-palace.com\/wp-content\/uploads\/2024\/08\/hotel-beach-palace-logo.webp","width":200,"height":173,"caption":"Hotel Beach Palace"},"image":{"@id":"https:\/\/cw-hotel-bp.albastria.com\/#\/schema\/logo\/image\/"}}]}},"_links":{"self":[{"href":"https:\/\/beach-palace.com\/fr\/wp-json\/wp\/v2\/pages\/17072","targetHints":{"allow":["GET"]}}],"collection":[{"href":"https:\/\/beach-palace.com\/fr\/wp-json\/wp\/v2\/pages"}],"about":[{"href":"https:\/\/beach-palace.com\/fr\/wp-json\/wp\/v2\/types\/page"}],"author":[{"embeddable":true,"href":"https:\/\/beach-palace.com\/fr\/wp-json\/wp\/v2\/users\/3"}],"replies":[{"embeddable":true,"href":"https:\/\/beach-palace.com\/fr\/wp-json\/wp\/v2\/comments?post=17072"}],"version-history":[{"count":94,"href":"https:\/\/beach-palace.com\/fr\/wp-json\/wp\/v2\/pages\/17072\/revisions"}],"predecessor-version":[{"id":27863,"href":"https:\/\/beach-palace.com\/fr\/wp-json\/wp\/v2\/pages\/17072\/revisions\/27863"}],"wp:attachment":[{"href":"https:\/\/beach-palace.com\/fr\/wp-json\/wp\/v2\/media?parent=17072"}],"curies":[{"name":"wp","href":"https:\/\/api.w.org\/{rel}","templated":true}]}}