{"id":17343,"date":"2024-03-28T13:26:20","date_gmt":"2024-03-28T12:26:20","guid":{"rendered":"https:\/\/beach-palace.com\/essen-getraenke\/"},"modified":"2026-02-28T11:59:10","modified_gmt":"2026-02-28T10:59:10","slug":"essen-getraenke","status":"publish","type":"page","link":"https:\/\/beach-palace.com\/de\/essen-getraenke\/","title":{"rendered":"Essen &amp; Getr\u00e4nke"},"content":{"rendered":"\t\t<div data-elementor-type=\"wp-page\" data-elementor-id=\"17343\" class=\"elementor elementor-17343 elementor-14146\">\n\t\t\t\t<div class=\"elementor-element elementor-element-82f8c9c e-flex e-con-boxed e-con e-parent\" data-id=\"82f8c9c\" data-element_type=\"container\" data-e-type=\"container\" data-settings=\"{&quot;background_background&quot;:&quot;classic&quot;}\">\n\t\t\t\t\t<div class=\"e-con-inner\">\n\t\t\t\t<div class=\"elementor-element elementor-element-2bb17aa elementor-widget elementor-widget-qi_addons_for_elementor_section_title\" data-id=\"2bb17aa\" data-element_type=\"widget\" data-e-type=\"widget\" data-widget_type=\"qi_addons_for_elementor_section_title.default\">\n\t\t\t\t<div class=\"elementor-widget-container\">\n\t\t\t\t\t<div class=\"qodef-shortcode qodef-m drop-shadow qodef-qi-section-title qodef-decoration--italic qodef-link--underline-draw qodef-subtitle-icon--left\">\n\t\t\t<h1 class=\"qodef-m-title\">\n\t\tEssen &amp; Getr\u00e4nke mit Aussicht\t<\/h1>\n\t\t\t\t<h6 class=\"qodef-m-subtitle\">\n\t\tVom Fr\u00fchst\u00fcck am Meer bis zu gem\u00fctlichen Abenden in der Brasserie Royal \u2013 genie\u00dfen Sie unser kulinarisches Angebot von Sonnenaufgang bis Sonnenuntergang.\t\t\t<\/h6>\n\t\t\t<\/div>\n\t\t\t\t<\/div>\n\t\t\t\t<\/div>\n\t\t\t\t\t<\/div>\n\t\t\t\t<\/div>\n\t\t<div class=\"elementor-element elementor-element-d92cb7a e-flex e-con-boxed e-con e-parent\" data-id=\"d92cb7a\" data-element_type=\"container\" data-e-type=\"container\" data-settings=\"{&quot;background_background&quot;:&quot;classic&quot;}\">\n\t\t\t\t\t<div class=\"e-con-inner\">\n\t\t<div class=\"elementor-element elementor-element-8709a41 e-con-full e-flex e-con e-child\" data-id=\"8709a41\" data-element_type=\"container\" data-e-type=\"container\">\n\t\t\t\t<div class=\"elementor-element elementor-element-c7a401f elementor-widget__width-auto elementor-widget elementor-widget-augustine_core_image_with_text\" data-id=\"c7a401f\" data-element_type=\"widget\" data-e-type=\"widget\" data-widget_type=\"augustine_core_image_with_text.default\">\n\t\t\t\t<div class=\"elementor-widget-container\">\n\t\t\t\t\t<div class=\"qodef-shortcode qodef-m  qodef-image-with-text qodef-layout--text-below   \">\n\t<div class=\"qodef-m-image\">\n                                            <img fetchpriority=\"high\" decoding=\"async\" width=\"1000\" height=\"1333\" src=\"https:\/\/beach-palace.com\/wp-content\/uploads\/2026\/01\/Restaurant-Royal-Photo.webp\" class=\"attachment-full size-full\" alt=\"Restaurant Royal Photo\" srcset=\"https:\/\/beach-palace.com\/wp-content\/uploads\/2026\/01\/Restaurant-Royal-Photo.webp 1000w, https:\/\/beach-palace.com\/wp-content\/uploads\/2026\/01\/Restaurant-Royal-Photo-225x300.webp 225w, https:\/\/beach-palace.com\/wp-content\/uploads\/2026\/01\/Restaurant-Royal-Photo-768x1024.webp 768w\" sizes=\"(max-width: 1000px) 100vw, 1000px\" \/>\n                                            <\/div>\t<div class=\"qodef-m-content\">\n\t\t\t\t\t\t\t<\/div>\n<\/div>\t\t\t\t<\/div>\n\t\t\t\t<\/div>\n\t\t\t\t<\/div>\n\t\t<div class=\"elementor-element elementor-element-506ba5e e-con-full e-flex e-con e-child\" data-id=\"506ba5e\" data-element_type=\"container\" data-e-type=\"container\">\n\t\t\t\t<div class=\"elementor-element elementor-element-740cc25 elementor-widget-tablet__width-auto elementor-widget elementor-widget-qi_addons_for_elementor_section_title\" data-id=\"740cc25\" data-element_type=\"widget\" data-e-type=\"widget\" data-widget_type=\"qi_addons_for_elementor_section_title.default\">\n\t\t\t\t<div class=\"elementor-widget-container\">\n\t\t\t\t\t<div class=\"qodef-shortcode qodef-m qodef-qi-section-title qodef-decoration--italic qodef-link--underline-draw qodef-subtitle-icon--left\">\n\t\t\t<h1 class=\"qodef-m-title\">\n\t\tBrasserie Royal \u2013 Zeitlose Aromen am Meer\t<\/h1>\n\t\t\t\t<h6 class=\"qodef-m-subtitle\">\n\t\tWo elegantes Interieur auf ehrliche K\u00fcche trifft. Jeden Abend l\u00e4dt Sie die Brasserie Royal ein, raffinierte belgische Klassiker zu genie\u00dfen, die mit saisonalen Zutaten und gro\u00dfem Respekt vor der Tradition zubereitet werden.  Ob Sie etwas zu feiern haben oder einfach nur den Moment genie\u00dfen \u2013 lassen Sie sich von unserem Team in einer Umgebung verw\u00f6hnen, die sich sowohl vornehm als auch einladend anf\u00fchlt. T\u00e4glich ge\u00f6ffnet, mit Blick auf die Nordsee.\t\t\t<\/h6>\n\t\t\t<\/div>\n\t\t\t\t<\/div>\n\t\t\t\t<\/div>\n\t\t\t\t<div class=\"elementor-element elementor-element-121e613 elementor-widget-mobile__width-initial elementor-widget elementor-widget-augustine_core_button\" data-id=\"121e613\" data-element_type=\"widget\" data-e-type=\"widget\" data-widget_type=\"augustine_core_button.default\">\n\t\t\t\t<div class=\"elementor-widget-container\">\n\t\t\t\t\t<a class=\"qodef-shortcode qodef-m light-button qodef-button qodef-layout--filled qodef-size--small qodef-html--link \" href=\"https:\/\/beach-palace.com\/wp-content\/uploads\/2025\/07\/MENU-ENGLISH-1.pdf\" target=\"_self\" data-hover-color=\"#F9F6EE\" data-hover-background-color=\"#3A2C23\" data-hover-border-color=\"#D6AD61\" style=\"color: #3A2C23;background-color: #F9F6EE;border-color: #3A2C23;font-weight: 400\">\n\t<span class=\"qodef-m-text\">\u00d6ffnen Sie das Men\u00fc<\/span>\n<\/a>\t\t\t\t<\/div>\n\t\t\t\t<\/div>\n\t\t\t\t<div class=\"elementor-element elementor-element-1fd1ae2 elementor-widget elementor-widget-augustine_core_button\" data-id=\"1fd1ae2\" data-element_type=\"widget\" data-e-type=\"widget\" data-widget_type=\"augustine_core_button.default\">\n\t\t\t\t<div class=\"elementor-widget-container\">\n\t\t\t\t\t<a class=\"qodef-shortcode qodef-m  qodef-button qodef-layout--filled  qodef-html--link \" href=\"https:\/\/beach-palace.com\/de\/kontaktieren-sie-uns-2\/\" target=\"_self\"  >\n\t<span class=\"qodef-m-text\">Tisch reservieren<\/span>\n<\/a>\t\t\t\t<\/div>\n\t\t\t\t<\/div>\n\t\t\t\t<\/div>\n\t\t\t\t\t<\/div>\n\t\t\t\t<\/div>\n\t\t<div class=\"elementor-element elementor-element-2255343 e-flex e-con-boxed e-con e-parent\" data-id=\"2255343\" data-element_type=\"container\" data-e-type=\"container\" data-settings=\"{&quot;background_background&quot;:&quot;classic&quot;}\">\n\t\t\t\t\t<div class=\"e-con-inner\">\n\t\t<div class=\"elementor-element elementor-element-514bffe e-con-full e-flex e-con e-child\" data-id=\"514bffe\" data-element_type=\"container\" data-e-type=\"container\">\n\t\t\t\t<div class=\"elementor-element elementor-element-52ed01f elementor-widget elementor-widget-qi_addons_for_elementor_section_title\" data-id=\"52ed01f\" data-element_type=\"widget\" data-e-type=\"widget\" data-widget_type=\"qi_addons_for_elementor_section_title.default\">\n\t\t\t\t<div class=\"elementor-widget-container\">\n\t\t\t\t\t<div class=\"qodef-shortcode qodef-m qodef-qi-section-title qodef-decoration--italic qodef-link--underline-draw qodef-subtitle-icon--left\">\n\t\t\t<h1 class=\"qodef-m-title\">\n\t\tL\u2019Apero \u2013 Ein stilvoller Ort zum Entspannen\t<\/h1>\n\t\t\t\t<h6 class=\"qodef-m-subtitle\">\n\t\tMit seiner sanften Beleuchtung, den eleganten Texturen und dem ruhigen Ambiente ist L'Apero Ihr stilvoller R\u00fcckzugsort zu jeder Tageszeit. Vom morgendlichen Espresso bis zum Aperitif in der Abendd\u00e4mmerung \u2013 genie\u00dfen Sie jeden Moment mit Stil, jeden Tag, ganz nach Belieben. \t\t\t<\/h6>\n\t\t\t<\/div>\n\t\t\t\t<\/div>\n\t\t\t\t<\/div>\n\t\t\t\t<\/div>\n\t\t<div class=\"elementor-element elementor-element-811212e e-con-full e-flex e-con e-child\" data-id=\"811212e\" data-element_type=\"container\" data-e-type=\"container\">\n\t\t\t\t<div class=\"elementor-element elementor-element-1137460 elementor-widget elementor-widget-augustine_core_image_with_text\" data-id=\"1137460\" data-element_type=\"widget\" data-e-type=\"widget\" data-widget_type=\"augustine_core_image_with_text.default\">\n\t\t\t\t<div class=\"elementor-widget-container\">\n\t\t\t\t\t<div class=\"qodef-shortcode qodef-m  qodef-image-with-text qodef-layout--text-below   \">\n\t<div class=\"qodef-m-image\">\n                                            <img decoding=\"async\" src=\"https:\/\/beach-palace.com\/wp-content\/uploads\/2024\/06\/Hotel-Beach-Palace-bar-5-688x600.webp\" alt=\"\" width=\"688\" height=\"600\" data-ratio=\"1.1466666666667\" \/>\n                                            <\/div>\t<div class=\"qodef-m-content\">\n\t\t\t\t\t\t\t<\/div>\n<\/div>\t\t\t\t<\/div>\n\t\t\t\t<\/div>\n\t\t\t\t<\/div>\n\t\t\t\t\t<\/div>\n\t\t\t\t<\/div>\n\t\t\t\t<\/div>\n\t\t","protected":false},"excerpt":{"rendered":"<p>Essen &amp; Getr\u00e4nke mit Aussicht Vom Fr\u00fchst\u00fcck am Meer bis zu gem\u00fctlichen Abenden in der Brasserie Royal \u2013 genie\u00dfen Sie unser kulinarisches Angebot von Sonnenaufgang bis Sonnenuntergang. Brasserie Royal \u2013 Zeitlose Aromen am Meer Wo elegantes Interieur auf ehrliche K\u00fcche trifft. Jeden Abend l\u00e4dt Sie die Brasserie Royal ein, raffinierte belgische Klassiker zu genie\u00dfen, die [&hellip;]<\/p>\n","protected":false},"author":3,"featured_media":0,"parent":0,"menu_order":0,"comment_status":"closed","ping_status":"closed","template":"page-full-width.php","meta":{"footnotes":""},"class_list":["post-17343","page","type-page","status-publish","hentry"],"yoast_head":"<!-- This site is optimized with the Yoast SEO plugin v27.3 - https:\/\/yoast.com\/product\/yoast-seo-wordpress\/ -->\n<title>Essen &amp; Getr\u00e4nke - Hotel Beach Palace<\/title>\n<meta name=\"robots\" content=\"index, follow, max-snippet:-1, max-image-preview:large, max-video-preview:-1\" \/>\n<link rel=\"canonical\" href=\"https:\/\/beach-palace.com\/food-drinks\/\" \/>\n<meta property=\"og:locale\" content=\"de_DE\" \/>\n<meta property=\"og:type\" content=\"article\" \/>\n<meta property=\"og:title\" content=\"Essen &amp; Getr\u00e4nke - Hotel Beach Palace\" \/>\n<meta property=\"og:description\" content=\"Essen &amp; Getr\u00e4nke mit Aussicht Vom Fr\u00fchst\u00fcck am Meer bis zu gem\u00fctlichen Abenden in der Brasserie Royal \u2013 genie\u00dfen Sie unser kulinarisches Angebot von Sonnenaufgang bis Sonnenuntergang. Brasserie Royal \u2013 Zeitlose Aromen am Meer Wo elegantes Interieur auf ehrliche K\u00fcche trifft. Jeden Abend l\u00e4dt Sie die Brasserie Royal ein, raffinierte belgische Klassiker zu genie\u00dfen, die [&hellip;]\" \/>\n<meta property=\"og:url\" content=\"https:\/\/beach-palace.com\/food-drinks\/\" \/>\n<meta property=\"og:site_name\" content=\"Hotel Beach Palace\" \/>\n<meta property=\"article:modified_time\" content=\"2026-02-28T10:59:10+00:00\" \/>\n<meta property=\"og:image\" content=\"https:\/\/beach-palace.com\/wp-content\/uploads\/2026\/01\/Restaurant-Royal-Photo.webp\" \/>\n<meta name=\"twitter:card\" content=\"summary_large_image\" \/>\n<meta name=\"twitter:label1\" content=\"Gesch\u00e4tzte Lesezeit\" \/>\n\t<meta name=\"twitter:data1\" content=\"1\u00a0Minute\" \/>\n<script type=\"application\/ld+json\" class=\"yoast-schema-graph\">{\"@context\":\"https:\\\/\\\/schema.org\",\"@graph\":[{\"@type\":\"WebPage\",\"@id\":\"https:\\\/\\\/beach-palace.com\\\/food-drinks\\\/\",\"url\":\"https:\\\/\\\/beach-palace.com\\\/food-drinks\\\/\",\"name\":\"Essen &amp; Getr\u00e4nke - Hotel Beach Palace\",\"isPartOf\":{\"@id\":\"https:\\\/\\\/cw-hotel-bp.albastria.com\\\/#website\"},\"primaryImageOfPage\":{\"@id\":\"https:\\\/\\\/beach-palace.com\\\/food-drinks\\\/#primaryimage\"},\"image\":{\"@id\":\"https:\\\/\\\/beach-palace.com\\\/food-drinks\\\/#primaryimage\"},\"thumbnailUrl\":\"https:\\\/\\\/beach-palace.com\\\/wp-content\\\/uploads\\\/2026\\\/01\\\/Restaurant-Royal-Photo.webp\",\"datePublished\":\"2024-03-28T12:26:20+00:00\",\"dateModified\":\"2026-02-28T10:59:10+00:00\",\"breadcrumb\":{\"@id\":\"https:\\\/\\\/beach-palace.com\\\/food-drinks\\\/#breadcrumb\"},\"inLanguage\":\"de\",\"potentialAction\":[{\"@type\":\"ReadAction\",\"target\":[\"https:\\\/\\\/beach-palace.com\\\/food-drinks\\\/\"]}]},{\"@type\":\"ImageObject\",\"inLanguage\":\"de\",\"@id\":\"https:\\\/\\\/beach-palace.com\\\/food-drinks\\\/#primaryimage\",\"url\":\"https:\\\/\\\/beach-palace.com\\\/wp-content\\\/uploads\\\/2026\\\/01\\\/Restaurant-Royal-Photo.webp\",\"contentUrl\":\"https:\\\/\\\/beach-palace.com\\\/wp-content\\\/uploads\\\/2026\\\/01\\\/Restaurant-Royal-Photo.webp\"},{\"@type\":\"BreadcrumbList\",\"@id\":\"https:\\\/\\\/beach-palace.com\\\/food-drinks\\\/#breadcrumb\",\"itemListElement\":[{\"@type\":\"ListItem\",\"position\":1,\"name\":\"Home\",\"item\":\"https:\\\/\\\/beach-palace.com\\\/de\\\/\"},{\"@type\":\"ListItem\",\"position\":2,\"name\":\"Essen &amp; Getr\u00e4nke\"}]},{\"@type\":\"WebSite\",\"@id\":\"https:\\\/\\\/cw-hotel-bp.albastria.com\\\/#website\",\"url\":\"https:\\\/\\\/cw-hotel-bp.albastria.com\\\/\",\"name\":\"Hotel Beach Palace\",\"description\":\"CW Hotel Collection\",\"publisher\":{\"@id\":\"https:\\\/\\\/cw-hotel-bp.albastria.com\\\/#organization\"},\"potentialAction\":[{\"@type\":\"SearchAction\",\"target\":{\"@type\":\"EntryPoint\",\"urlTemplate\":\"https:\\\/\\\/cw-hotel-bp.albastria.com\\\/?s={search_term_string}\"},\"query-input\":{\"@type\":\"PropertyValueSpecification\",\"valueRequired\":true,\"valueName\":\"search_term_string\"}}],\"inLanguage\":\"de\"},{\"@type\":\"Organization\",\"@id\":\"https:\\\/\\\/cw-hotel-bp.albastria.com\\\/#organization\",\"name\":\"Hotel Beach Palace\",\"url\":\"https:\\\/\\\/cw-hotel-bp.albastria.com\\\/\",\"logo\":{\"@type\":\"ImageObject\",\"inLanguage\":\"de\",\"@id\":\"https:\\\/\\\/cw-hotel-bp.albastria.com\\\/#\\\/schema\\\/logo\\\/image\\\/\",\"url\":\"https:\\\/\\\/beach-palace.com\\\/wp-content\\\/uploads\\\/2024\\\/08\\\/hotel-beach-palace-logo.webp\",\"contentUrl\":\"https:\\\/\\\/beach-palace.com\\\/wp-content\\\/uploads\\\/2024\\\/08\\\/hotel-beach-palace-logo.webp\",\"width\":200,\"height\":173,\"caption\":\"Hotel Beach Palace\"},\"image\":{\"@id\":\"https:\\\/\\\/cw-hotel-bp.albastria.com\\\/#\\\/schema\\\/logo\\\/image\\\/\"}}]}<\/script>\n<!-- \/ Yoast SEO plugin. -->","yoast_head_json":{"title":"Essen &amp; Getr\u00e4nke - Hotel Beach Palace","robots":{"index":"index","follow":"follow","max-snippet":"max-snippet:-1","max-image-preview":"max-image-preview:large","max-video-preview":"max-video-preview:-1"},"canonical":"https:\/\/beach-palace.com\/food-drinks\/","og_locale":"de_DE","og_type":"article","og_title":"Essen &amp; Getr\u00e4nke - Hotel Beach Palace","og_description":"Essen &amp; Getr\u00e4nke mit Aussicht Vom Fr\u00fchst\u00fcck am Meer bis zu gem\u00fctlichen Abenden in der Brasserie Royal \u2013 genie\u00dfen Sie unser kulinarisches Angebot von Sonnenaufgang bis Sonnenuntergang. Brasserie Royal \u2013 Zeitlose Aromen am Meer Wo elegantes Interieur auf ehrliche K\u00fcche trifft. Jeden Abend l\u00e4dt Sie die Brasserie Royal ein, raffinierte belgische Klassiker zu genie\u00dfen, die [&hellip;]","og_url":"https:\/\/beach-palace.com\/food-drinks\/","og_site_name":"Hotel Beach Palace","article_modified_time":"2026-02-28T10:59:10+00:00","og_image":[{"url":"https:\/\/beach-palace.com\/wp-content\/uploads\/2026\/01\/Restaurant-Royal-Photo.webp","type":"","width":"","height":""}],"twitter_card":"summary_large_image","twitter_misc":{"Gesch\u00e4tzte Lesezeit":"1\u00a0Minute"},"schema":{"@context":"https:\/\/schema.org","@graph":[{"@type":"WebPage","@id":"https:\/\/beach-palace.com\/food-drinks\/","url":"https:\/\/beach-palace.com\/food-drinks\/","name":"Essen &amp; Getr\u00e4nke - Hotel Beach Palace","isPartOf":{"@id":"https:\/\/cw-hotel-bp.albastria.com\/#website"},"primaryImageOfPage":{"@id":"https:\/\/beach-palace.com\/food-drinks\/#primaryimage"},"image":{"@id":"https:\/\/beach-palace.com\/food-drinks\/#primaryimage"},"thumbnailUrl":"https:\/\/beach-palace.com\/wp-content\/uploads\/2026\/01\/Restaurant-Royal-Photo.webp","datePublished":"2024-03-28T12:26:20+00:00","dateModified":"2026-02-28T10:59:10+00:00","breadcrumb":{"@id":"https:\/\/beach-palace.com\/food-drinks\/#breadcrumb"},"inLanguage":"de","potentialAction":[{"@type":"ReadAction","target":["https:\/\/beach-palace.com\/food-drinks\/"]}]},{"@type":"ImageObject","inLanguage":"de","@id":"https:\/\/beach-palace.com\/food-drinks\/#primaryimage","url":"https:\/\/beach-palace.com\/wp-content\/uploads\/2026\/01\/Restaurant-Royal-Photo.webp","contentUrl":"https:\/\/beach-palace.com\/wp-content\/uploads\/2026\/01\/Restaurant-Royal-Photo.webp"},{"@type":"BreadcrumbList","@id":"https:\/\/beach-palace.com\/food-drinks\/#breadcrumb","itemListElement":[{"@type":"ListItem","position":1,"name":"Home","item":"https:\/\/beach-palace.com\/de\/"},{"@type":"ListItem","position":2,"name":"Essen &amp; Getr\u00e4nke"}]},{"@type":"WebSite","@id":"https:\/\/cw-hotel-bp.albastria.com\/#website","url":"https:\/\/cw-hotel-bp.albastria.com\/","name":"Hotel Beach Palace","description":"CW Hotel Collection","publisher":{"@id":"https:\/\/cw-hotel-bp.albastria.com\/#organization"},"potentialAction":[{"@type":"SearchAction","target":{"@type":"EntryPoint","urlTemplate":"https:\/\/cw-hotel-bp.albastria.com\/?s={search_term_string}"},"query-input":{"@type":"PropertyValueSpecification","valueRequired":true,"valueName":"search_term_string"}}],"inLanguage":"de"},{"@type":"Organization","@id":"https:\/\/cw-hotel-bp.albastria.com\/#organization","name":"Hotel Beach Palace","url":"https:\/\/cw-hotel-bp.albastria.com\/","logo":{"@type":"ImageObject","inLanguage":"de","@id":"https:\/\/cw-hotel-bp.albastria.com\/#\/schema\/logo\/image\/","url":"https:\/\/beach-palace.com\/wp-content\/uploads\/2024\/08\/hotel-beach-palace-logo.webp","contentUrl":"https:\/\/beach-palace.com\/wp-content\/uploads\/2024\/08\/hotel-beach-palace-logo.webp","width":200,"height":173,"caption":"Hotel Beach Palace"},"image":{"@id":"https:\/\/cw-hotel-bp.albastria.com\/#\/schema\/logo\/image\/"}}]}},"_links":{"self":[{"href":"https:\/\/beach-palace.com\/de\/wp-json\/wp\/v2\/pages\/17343","targetHints":{"allow":["GET"]}}],"collection":[{"href":"https:\/\/beach-palace.com\/de\/wp-json\/wp\/v2\/pages"}],"about":[{"href":"https:\/\/beach-palace.com\/de\/wp-json\/wp\/v2\/types\/page"}],"author":[{"embeddable":true,"href":"https:\/\/beach-palace.com\/de\/wp-json\/wp\/v2\/users\/3"}],"replies":[{"embeddable":true,"href":"https:\/\/beach-palace.com\/de\/wp-json\/wp\/v2\/comments?post=17343"}],"version-history":[{"count":84,"href":"https:\/\/beach-palace.com\/de\/wp-json\/wp\/v2\/pages\/17343\/revisions"}],"predecessor-version":[{"id":27862,"href":"https:\/\/beach-palace.com\/de\/wp-json\/wp\/v2\/pages\/17343\/revisions\/27862"}],"wp:attachment":[{"href":"https:\/\/beach-palace.com\/de\/wp-json\/wp\/v2\/media?parent=17343"}],"curies":[{"name":"wp","href":"https:\/\/api.w.org\/{rel}","templated":true}]}}